{"id":1328,"date":"2020-08-27T06:56:36","date_gmt":"2020-08-27T11:56:36","guid":{"rendered":"https:\/\/www.tidwit.com\/?page_id=1328"},"modified":"2026-01-06T08:33:37","modified_gmt":"2026-01-06T13:33:37","slug":"politica-de-cookies","status":"publish","type":"page","link":"https:\/\/www.tidwit.com\/es\/cookies-policy\/","title":{"rendered":"Pol\u00edtica de Cookies"},"content":{"rendered":"<div data-elementor-type=\"wp-page\" data-elementor-id=\"1328\" class=\"elementor elementor-1328\" data-elementor-settings=\"{&quot;element_pack_global_tooltip_width&quot;:{&quot;unit&quot;:&quot;px&quot;,&quot;size&quot;:&quot;&quot;,&quot;sizes&quot;:[]},&quot;element_pack_global_tooltip_width_tablet&quot;:{&quot;unit&quot;:&quot;px&quot;,&quot;size&quot;:&quot;&quot;,&quot;sizes&quot;:[]},&quot;element_pack_global_tooltip_width_mobile&quot;:{&quot;unit&quot;:&quot;px&quot;,&quot;size&quot;:&quot;&quot;,&quot;sizes&quot;:[]},&quot;element_pack_global_tooltip_padding&quot;:{&quot;unit&quot;:&quot;px&quot;,&quot;top&quot;:&quot;&quot;,&quot;right&quot;:&quot;&quot;,&quot;bottom&quot;:&quot;&quot;,&quot;left&quot;:&quot;&quot;,&quot;isLinked&quot;:true},&quot;element_pack_global_tooltip_padding_tablet&quot;:{&quot;unit&quot;:&quot;px&quot;,&quot;top&quot;:&quot;&quot;,&quot;right&quot;:&quot;&quot;,&quot;bottom&quot;:&quot;&quot;,&quot;left&quot;:&quot;&quot;,&quot;isLinked&quot;:true},&quot;element_pack_global_tooltip_padding_mobile&quot;:{&quot;unit&quot;:&quot;px&quot;,&quot;top&quot;:&quot;&quot;,&quot;right&quot;:&quot;&quot;,&quot;bottom&quot;:&quot;&quot;,&quot;left&quot;:&quot;&quot;,&quot;isLinked&quot;:true},&quot;element_pack_global_tooltip_border_radius&quot;:{&quot;unit&quot;:&quot;px&quot;,&quot;top&quot;:&quot;&quot;,&quot;right&quot;:&quot;&quot;,&quot;bottom&quot;:&quot;&quot;,&quot;left&quot;:&quot;&quot;,&quot;isLinked&quot;:true},&quot;element_pack_global_tooltip_border_radius_tablet&quot;:{&quot;unit&quot;:&quot;px&quot;,&quot;top&quot;:&quot;&quot;,&quot;right&quot;:&quot;&quot;,&quot;bottom&quot;:&quot;&quot;,&quot;left&quot;:&quot;&quot;,&quot;isLinked&quot;:true},&quot;element_pack_global_tooltip_border_radius_mobile&quot;:{&quot;unit&quot;:&quot;px&quot;,&quot;top&quot;:&quot;&quot;,&quot;right&quot;:&quot;&quot;,&quot;bottom&quot;:&quot;&quot;,&quot;left&quot;:&quot;&quot;,&quot;isLinked&quot;:true}}\" data-elementor-post-type=\"page\">\n\t\t\t\t<div data-particle_enable=\"false\" data-particle-mobile-disabled=\"false\" class=\"elementor-element elementor-element-2ab3cbb e-flex e-con-boxed e-con e-parent\" data-id=\"2ab3cbb\" data-element_type=\"container\" data-e-type=\"container\" data-settings=\"{&quot;background_background&quot;:&quot;classic&quot;}\">\n\t\t\t\t\t<div class=\"e-con-inner\">\n\t\t<div data-particle_enable=\"false\" data-particle-mobile-disabled=\"false\" class=\"elementor-element elementor-element-3c661cc e-con-full e-flex e-con e-child\" data-id=\"3c661cc\" data-element_type=\"container\" data-e-type=\"container\">\n\t\t\t\t<div class=\"elementor-element elementor-element-2ba0b8b exad-sticky-section-no exad-glass-effect-no elementor-widget elementor-widget-heading\" data-id=\"2ba0b8b\" data-element_type=\"widget\" data-e-type=\"widget\" data-widget_type=\"heading.default\">\n\t\t\t\t<div class=\"elementor-widget-container\">\n\t\t\t\t\t<h1 class=\"elementor-heading-title elementor-size-default\">Pol\u00edtica de cookies de TIDWIT<\/h1>\t\t\t\t<\/div>\n\t\t\t\t<\/div>\n\t\t\t\t<div class=\"elementor-element elementor-element-85d83fe exad-sticky-section-no exad-glass-effect-no elementor-widget elementor-widget-text-editor\" data-id=\"85d83fe\" data-element_type=\"widget\" data-e-type=\"widget\" data-widget_type=\"text-editor.default\">\n\t\t\t\t<div class=\"elementor-widget-container\">\n\t\t\t\t\t\t\t\t\t<p>TIDWIT (\u201cnosotros\u201d, \u201cnos\u201d, o \u201cnuestro\u201d) utiliza cookies en la network TIDWIT (el \u201cServicio\u201d), incluyendo pero no limitado al sitio www.tidwit.com y todas las instancias y sub-instancias de la plataforma que pueden ser configuradas como subdominios a trav\u00e9s de ontidwit.com con o sin cualquier caracter\u00edstica de vanidad de URL. Al utilizar el Servicio, el usuario acepta el uso de cookies.<\/p><p>Nuestra Pol\u00edtica de Cookies explica qu\u00e9 son las cookies, c\u00f3mo las utilizamos, c\u00f3mo terceros, con los que podemos asociarnos, pueden utilizar cookies en el Servicio, y sus opciones como usuario en relaci\u00f3n con las cookies y m\u00e1s informaci\u00f3n sobre las cookies.<\/p>\t\t\t\t\t\t\t\t<\/div>\n\t\t\t\t<\/div>\n\t\t\t\t<div class=\"elementor-element elementor-element-b3ffafd elementor-widget-divider--view-line exad-sticky-section-no exad-glass-effect-no elementor-widget elementor-widget-divider\" data-id=\"b3ffafd\" data-element_type=\"widget\" data-e-type=\"widget\" data-widget_type=\"divider.default\">\n\t\t\t\t<div class=\"elementor-widget-container\">\n\t\t\t\t\t\t\t<div class=\"elementor-divider\">\n\t\t\t<span class=\"elementor-divider-separator\">\n\t\t\t\t\t\t<\/span>\n\t\t<\/div>\n\t\t\t\t\t\t<\/div>\n\t\t\t\t<\/div>\n\t\t\t\t<div class=\"elementor-element elementor-element-143a68d exad-sticky-section-no exad-glass-effect-no elementor-widget elementor-widget-text-editor\" data-id=\"143a68d\" data-element_type=\"widget\" data-e-type=\"widget\" data-widget_type=\"text-editor.default\">\n\t\t\t\t<div class=\"elementor-widget-container\">\n\t\t\t\t\t\t\t\t\t<p><strong>I. \u00bfQu\u00e9 son las cookies?<\/strong><br \/>Las cookies son peque\u00f1os fragmentos de texto que un sitio web que usted visita env\u00eda a su navegador. Un archivo cookie se almacena en su navegador y permite al Servicio o a un tercero reconocerle y hacer que su pr\u00f3xima visita sea m\u00e1s f\u00e1cil y el Servicio m\u00e1s \u00fatil y relevante para usted.<\/p><p><strong>II. C\u00f3mo utiliza TIDWIT las cookies<\/strong><br \/>Cuando un usuario accede a la network TIDWIT y la utiliza, podemos colocar varios archivos \u201ccookies\u201d en su navegador. Una cookie es un dato almacenado en el ordenador del usuario vinculado a informaci\u00f3n sobre el mismo.<\/p><p>Utilizamos cookies con los siguientes fines: habilitar determinadas funciones del Servicio, proporcionar an\u00e1lisis, almacenar las preferencias del usuario, permitir la entrega de contenido din\u00e1mico, incluida la relevancia del comportamiento. En el Servicio utilizamos tanto cookies de sesi\u00f3n como persistentes y utilizamos diferentes tipos de cookies para hacer funcionar el Servicio. A continuaci\u00f3n, figura una lista de las cookies que utilizamos:<\/p><p>Cookies de sesi\u00f3n \u00fanica (tambi\u00e9n conocidas como ID de sesi\u00f3n): Las cookies de identificaci\u00f3n de sesi\u00f3n son temporales, lo que significa que una vez que el usuario cierra el navegador, la cookie simplemente termina. Al establecer este tipo de cookie en nuestro sitio, los usuarios no tendr\u00edan que introducir una contrase\u00f1a m\u00e1s de una vez, por ejemplo, al pasar de una p\u00e1gina a otra del sitio, con lo que ahorrar\u00edan tiempo mientras estuvieran en nuestro sitio. Si los usuarios optan por rechazar o eliminar esta cookie, podr\u00e1n seguir utilizando nuestro sitio, pero podr\u00eda hacer que el sitio resultara ineficaz para su uso.<\/p><p>Cookies esenciales: Podemos utilizar cookies esenciales para autenticar a los usuarios y evitar el uso fraudulento de las cuentas de usuario. Las cookies que probablemente se consideren esenciales son las que se utilizan para la cesta de la compra y los procedimientos de pago, las que proporcionan seguridad para los servicios de comercio electr\u00f3nico y las que ayudan a garantizar que la p\u00e1gina se carga r\u00e1pidamente distribuyendo la carga de trabajo. Esta cookie no puede desactivarse si se est\u00e1 utilizando la funci\u00f3n correspondiente, ya que pondr\u00eda en peligro la network y la seguridad del usuario.<\/p><p>Multisesi\u00f3n (cookies persistentes): Las cookies multisesi\u00f3n nos permiten rastrear y orientar los intereses de nuestros usuarios para mejorar la experiencia en nuestra network. Las cookies pueden estar vinculadas a la informaci\u00f3n de identidad personal de un usuario, a su ubicaci\u00f3n y a su actividad en el sitio; sin embargo, s\u00f3lo compartimos el perfil espec\u00edfico y la informaci\u00f3n de identificaci\u00f3n personal de un usuario con las instancias espec\u00edficas en las que se registr\u00f3. S\u00f3lo compartimos los perfiles de usuario de forma estad\u00edsticamente agregada y no identificable con terceros. Esta cookie puede eliminarse.<\/p><p><strong>III. Cookies de terceros<\/strong><br \/>Adem\u00e1s de nuestras propias cookies, y aunque es menos com\u00fan, tambi\u00e9n podemos utilizar cookies de terceros para informar sobre estad\u00edsticas de uso del Servicio, ofrecer contenido espec\u00edfico en y a trav\u00e9s del Servicio, etc\u00e9tera. Un ejemplo de este tipo de cookies son las cookies de Google Analytics que recopilan datos agregados del sitio. Por lo general, estas cookies NO recopilan informaci\u00f3n personal identificable.<\/p><p><strong>IV. \u00bfC\u00f3mo puede detectar las cookies de TIDWIT?<\/strong><br \/>Si quiere saber exactamente qu\u00e9 cookies sirven la network o los sitios de TIDWIT, existen varias herramientas de auditor\u00eda de cookies que le permiten hacerlo. Firefox tiene una extensi\u00f3n llamada View Cookies, pero hay otras herramientas como la extensi\u00f3n Attacat de Chrome, el rastreador de cookies de Trust-e y Tagcert. Merece la pena borrar las cookies del navegador antes de hacer esto. Recuerde que no todas las cookies son malas: algunas de ellas, como las mencionadas anteriormente, pueden ser \u201cesenciales\u201d (v\u00e9ase m\u00e1s arriba).<\/p><p><strong>V. \u00bfCu\u00e1les son sus opciones con respecto a las cookies?<\/strong><br \/>TIDWIT le permite ACEPTAR o RECHAZAR las cookies. No obstante, tenga en cuenta que, si RECHAZA las cookies o las ACEPTA y luego las borra, es posible que NO pueda utilizar todas las funciones que ofrece la network TIDWIT, que no pueda almacenar sus preferencias y que algunas de nuestras p\u00e1ginas no se muestren correctamente.<\/p><p><b>VI. \u00bfC\u00f3mo desactivo o elimino las cookies que ya he aceptado?<\/b><br \/>Todos los navegadores modernos permiten cambiar la configuraci\u00f3n de las cookies; y es posible eliminar las cookies de network o del sitio TIDWIT de su navegador. Normalmente puede encontrar estos ajustes en el men\u00fa \u201cConfiguraci\u00f3n\u201d o \u201cConfiguraci\u00f3n avanzados\u201d o \u201cPreferencias\u201d de su navegador. Para entender estos ajustes, los siguientes enlaces pueden ser \u00fatiles, o puede utilizar la opci\u00f3n \u201cAyuda\u201d de su navegador para obtener m\u00e1s detalles.<\/p><p><a href=\"http:\/\/windows.microsoft.com\/en-GB\/internet-explorer\/delete-manage-cookies#ie=ie-10\">Configuraci\u00f3n de cookies en Internet Explorer<\/a><br \/><a href=\"http:\/\/support.mozilla.com\/en-US\/kb\/Cookies\">Configuraci\u00f3n de cookies en Firefox<\/a><br \/><a href=\"https:\/\/support.google.com\/chrome\/answer\/95647?hl=en&amp;ref_topic=14666\">Configuraci\u00f3n de cookies en Chrome<\/a><br \/><a href=\"https:\/\/support.apple.com\/kb\/PH17191?locale=en_US\">Configuraci\u00f3n de cookies en Safari web<\/a> e <a href=\"http:\/\/support.apple.com\/kb\/HT1677\">iOS<\/a><\/p><p>Si desea eliminar las cookies de TIDWIT o indicar a su navegador que rechace las cookies de TIDWIT, visite la p\u00e1gina de \u201cConfiguraci\u00f3n\u201d de su navegador espec\u00edfico. Una vez en \u201cConfiguraci\u00f3n\u201d, vaya a \u201cConfiguraci\u00f3n avanzada\u201d, donde podr\u00e1 buscar TIDWIT o tidwit.com o el dominio *.ontidwit (donde * ser\u00eda el subdominio). Cuando aparezca el sitio en la lista, haga clic para ampliar y ver las cookies espec\u00edficas. Una vez que aparezcan, puede eliminar las cookies. Si desea eliminar las cookies de Google Analytics, sustituya la b\u00fasqueda por \u201cGoogle\u201d.<\/p><p>No obstante, como se ha indicado anteriormente, tenga en cuenta que no podemos saber si ha iniciado sesi\u00f3n sin utilizar cookies, por lo que no podr\u00e1 acceder a algunas funciones o contenidos de la network TIDWIT, ni participar en la comunidad y publicar comentarios.<\/p><p><b>VII. \u00bfD\u00f3nde puede encontrar m\u00e1s informaci\u00f3n sobre las cookies?<\/b><br \/>Puede obtener m\u00e1s informaci\u00f3n sobre las cookies y los siguientes sitios web de terceros:<\/p><p style=\"padding-left: 40px;\">\u25cf Todo sobre las cookies: <a href=\"http:\/\/www.allaboutcookies.org\">www.allaboutcookies.org<\/a><br \/>\u25cf Comisi\u00f3n Federal de Comercio de los Estados Unidos: <a href=\"https:\/\/www.ftc.gov\/site-information\/privacy-policy\/internet-cookies\">www.ftc.gov\/site-information\/privacy-policy\/internet-cookies<\/a><br \/>\u25cf Comisi\u00f3n de la Uni\u00f3n Europea: <a href=\"https:\/\/commission.europa.eu\/resources-partners\/europa-web-guide\/design-content-and-development\/privacy-security-and-legal-notices\/cookies-and-similar-technologies_es\">https:\/\/commission.europa.eu\/resources-partners\/europa-web-guide\/design-content-and-development\/privacy-security-and-legal-notices\/cookies-and-similar-technologies_es<\/a><\/p><p><b>VIII. Contacto con TIDWIT<\/b><br \/>Si los usuarios tienen alguna pregunta o sugerencia sobre la Pol\u00edtica de Cookies de TIDWIT, pueden ponerse en contacto con nosotros en:<\/p><p>TIDWIT<br \/>1900 Reston Metro Plaza<br \/>Suite #600<br \/>Reston, VA 20190, USA<\/p><p>Tel. +1.703.761.7600<br \/>Atenci\u00f3n al cliente: customerservice at tidwit.com<br \/>Aviso legal: legal at tidwit.com<br \/>URL del sitio web: <a href=\"https:\/\/www.tidwit.com\/es\/\">https:\/\/www.tidwit.com\/es<\/a><\/p>\t\t\t\t\t\t\t\t<\/div>\n\t\t\t\t<\/div>\n\t\t\t\t<\/div>\n\t\t\t\t\t<\/div>\n\t\t\t\t<\/div>\n\t\t\t\t<\/div>","protected":false},"excerpt":{"rendered":"<p>TIDWIT Cookies Policy TIDWIT (&#8220;us&#8221;, &#8220;we&#8221;, or &#8220;our&#8221;) uses cookies on the TIDWIT Network (the &#8220;Service&#8221;), including but not limited to the www.tidwit.com site and all the platform instances and sub-instances that may be setup as sub-domains through ontidwit.com with or without any URL vanity features. By using the Service, the user consents to the [&hellip;]<\/p>\n","protected":false},"author":1,"featured_media":0,"parent":0,"menu_order":32,"comment_status":"closed","ping_status":"closed","template":"elementor_header_footer","meta":{"footnotes":""},"class_list":["post-1328","page","type-page","status-publish","hentry"],"yoast_head":"<!-- This site is optimized with the Yoast SEO Premium plugin v27.1 (Yoast SEO v27.4) - https:\/\/yoast.com\/product\/yoast-seo-premium-wordpress\/ -->\n<title>Cookies Policy - TIDWIT<\/title>\n<meta name=\"robots\" content=\"noindex, follow\" \/>\n<meta property=\"og:locale\" content=\"es_ES\" \/>\n<meta property=\"og:type\" content=\"article\" \/>\n<meta property=\"og:title\" content=\"Cookies Policy\" \/>\n<meta property=\"og:description\" content=\"TIDWIT Cookies Policy TIDWIT (&#8220;us&#8221;, &#8220;we&#8221;, or &#8220;our&#8221;) uses cookies on the TIDWIT Network (the &#8220;Service&#8221;), including but not limited to the www.tidwit.com site and all the platform instances and sub-instances that may be setup as sub-domains through ontidwit.com with or without any URL vanity features. By using the Service, the user consents to the [&hellip;]\" \/>\n<meta property=\"og:url\" content=\"https:\/\/www.tidwit.com\/es\/politica-de-cookies\/\" \/>\n<meta property=\"og:site_name\" content=\"TIDWIT\" \/>\n<meta property=\"article:modified_time\" content=\"2026-01-06T13:33:37+00:00\" \/>\n<meta property=\"og:image\" content=\"https:\/\/www.tidwit.com\/wp-content\/uploads\/2026\/02\/tidwit-sm.webp\" \/>\n\t<meta property=\"og:image:width\" content=\"1200\" \/>\n\t<meta property=\"og:image:height\" content=\"675\" \/>\n\t<meta property=\"og:image:type\" content=\"image\/webp\" \/>\n<meta name=\"twitter:card\" content=\"summary_large_image\" \/>\n<meta name=\"twitter:label1\" content=\"Tiempo de lectura\" \/>\n\t<meta name=\"twitter:data1\" content=\"5 minutos\" \/>\n<script type=\"application\/ld+json\" class=\"yoast-schema-graph\">{\"@context\":\"https:\\\/\\\/schema.org\",\"@graph\":[{\"@type\":\"WebPage\",\"@id\":\"https:\\\/\\\/www.tidwit.com\\\/cookies-policy\\\/\",\"url\":\"https:\\\/\\\/www.tidwit.com\\\/cookies-policy\\\/\",\"name\":\"Cookies Policy - TIDWIT\",\"isPartOf\":{\"@id\":\"https:\\\/\\\/www.tidwit.com\\\/#website\"},\"datePublished\":\"2020-08-27T11:56:36+00:00\",\"dateModified\":\"2026-01-06T13:33:37+00:00\",\"breadcrumb\":{\"@id\":\"https:\\\/\\\/www.tidwit.com\\\/cookies-policy\\\/#breadcrumb\"},\"inLanguage\":\"es\",\"potentialAction\":[{\"@type\":\"ReadAction\",\"target\":[\"https:\\\/\\\/www.tidwit.com\\\/cookies-policy\\\/\"]}]},{\"@type\":\"BreadcrumbList\",\"@id\":\"https:\\\/\\\/www.tidwit.com\\\/cookies-policy\\\/#breadcrumb\",\"itemListElement\":[{\"@type\":\"ListItem\",\"position\":1,\"name\":\"Home\",\"item\":\"https:\\\/\\\/www.tidwit.com\\\/\"},{\"@type\":\"ListItem\",\"position\":2,\"name\":\"Cookies Policy\"}]},{\"@type\":\"WebSite\",\"@id\":\"https:\\\/\\\/www.tidwit.com\\\/#website\",\"url\":\"https:\\\/\\\/www.tidwit.com\\\/\",\"name\":\"TIDWIT\",\"description\":\"Ecosystem Enablement Platform\",\"publisher\":{\"@id\":\"https:\\\/\\\/www.tidwit.com\\\/#organization\"},\"potentialAction\":[{\"@type\":\"SearchAction\",\"target\":{\"@type\":\"EntryPoint\",\"urlTemplate\":\"https:\\\/\\\/www.tidwit.com\\\/?s={search_term_string}\"},\"query-input\":{\"@type\":\"PropertyValueSpecification\",\"valueRequired\":true,\"valueName\":\"search_term_string\"}}],\"inLanguage\":\"es\"},{\"@type\":\"Organization\",\"@id\":\"https:\\\/\\\/www.tidwit.com\\\/#organization\",\"name\":\"TIDWIT\",\"url\":\"https:\\\/\\\/www.tidwit.com\\\/\",\"logo\":{\"@type\":\"ImageObject\",\"inLanguage\":\"es\",\"@id\":\"https:\\\/\\\/www.tidwit.com\\\/#\\\/schema\\\/logo\\\/image\\\/\",\"url\":\"https:\\\/\\\/www.tidwit.com\\\/wp-content\\\/uploads\\\/2023\\\/02\\\/lg-tidwit.webp\",\"contentUrl\":\"https:\\\/\\\/www.tidwit.com\\\/wp-content\\\/uploads\\\/2023\\\/02\\\/lg-tidwit.webp\",\"width\":200,\"height\":80,\"caption\":\"TIDWIT\"},\"image\":{\"@id\":\"https:\\\/\\\/www.tidwit.com\\\/#\\\/schema\\\/logo\\\/image\\\/\"}}]}<\/script>\n<!-- \/ Yoast SEO Premium plugin. -->","yoast_head_json":{"title":"Cookies Policy - TIDWIT","robots":{"index":"noindex","follow":"follow"},"og_locale":"es_ES","og_type":"article","og_title":"Cookies Policy","og_description":"TIDWIT Cookies Policy TIDWIT (&#8220;us&#8221;, &#8220;we&#8221;, or &#8220;our&#8221;) uses cookies on the TIDWIT Network (the &#8220;Service&#8221;), including but not limited to the www.tidwit.com site and all the platform instances and sub-instances that may be setup as sub-domains through ontidwit.com with or without any URL vanity features. By using the Service, the user consents to the [&hellip;]","og_url":"https:\/\/www.tidwit.com\/es\/politica-de-cookies\/","og_site_name":"TIDWIT","article_modified_time":"2026-01-06T13:33:37+00:00","og_image":[{"width":1200,"height":675,"url":"https:\/\/www.tidwit.com\/wp-content\/uploads\/2026\/02\/tidwit-sm.webp","type":"image\/webp"}],"twitter_card":"summary_large_image","twitter_misc":{"Tiempo de lectura":"5 minutos"},"schema":{"@context":"https:\/\/schema.org","@graph":[{"@type":"WebPage","@id":"https:\/\/www.tidwit.com\/cookies-policy\/","url":"https:\/\/www.tidwit.com\/cookies-policy\/","name":"Cookies Policy - TIDWIT","isPartOf":{"@id":"https:\/\/www.tidwit.com\/#website"},"datePublished":"2020-08-27T11:56:36+00:00","dateModified":"2026-01-06T13:33:37+00:00","breadcrumb":{"@id":"https:\/\/www.tidwit.com\/cookies-policy\/#breadcrumb"},"inLanguage":"es","potentialAction":[{"@type":"ReadAction","target":["https:\/\/www.tidwit.com\/cookies-policy\/"]}]},{"@type":"BreadcrumbList","@id":"https:\/\/www.tidwit.com\/cookies-policy\/#breadcrumb","itemListElement":[{"@type":"ListItem","position":1,"name":"Home","item":"https:\/\/www.tidwit.com\/"},{"@type":"ListItem","position":2,"name":"Cookies Policy"}]},{"@type":"WebSite","@id":"https:\/\/www.tidwit.com\/#website","url":"https:\/\/www.tidwit.com\/","name":"TIDWIT","description":"Ecosystem Enablement Platform","publisher":{"@id":"https:\/\/www.tidwit.com\/#organization"},"potentialAction":[{"@type":"SearchAction","target":{"@type":"EntryPoint","urlTemplate":"https:\/\/www.tidwit.com\/?s={search_term_string}"},"query-input":{"@type":"PropertyValueSpecification","valueRequired":true,"valueName":"search_term_string"}}],"inLanguage":"es"},{"@type":"Organization","@id":"https:\/\/www.tidwit.com\/#organization","name":"TIDWIT","url":"https:\/\/www.tidwit.com\/","logo":{"@type":"ImageObject","inLanguage":"es","@id":"https:\/\/www.tidwit.com\/#\/schema\/logo\/image\/","url":"https:\/\/www.tidwit.com\/wp-content\/uploads\/2023\/02\/lg-tidwit.webp","contentUrl":"https:\/\/www.tidwit.com\/wp-content\/uploads\/2023\/02\/lg-tidwit.webp","width":200,"height":80,"caption":"TIDWIT"},"image":{"@id":"https:\/\/www.tidwit.com\/#\/schema\/logo\/image\/"}}]}},"_links":{"self":[{"href":"https:\/\/www.tidwit.com\/es\/wp-json\/wp\/v2\/pages\/1328","targetHints":{"allow":["GET"]}}],"collection":[{"href":"https:\/\/www.tidwit.com\/es\/wp-json\/wp\/v2\/pages"}],"about":[{"href":"https:\/\/www.tidwit.com\/es\/wp-json\/wp\/v2\/types\/page"}],"author":[{"embeddable":true,"href":"https:\/\/www.tidwit.com\/es\/wp-json\/wp\/v2\/users\/1"}],"replies":[{"embeddable":true,"href":"https:\/\/www.tidwit.com\/es\/wp-json\/wp\/v2\/comments?post=1328"}],"version-history":[{"count":13,"href":"https:\/\/www.tidwit.com\/es\/wp-json\/wp\/v2\/pages\/1328\/revisions"}],"predecessor-version":[{"id":15605,"href":"https:\/\/www.tidwit.com\/es\/wp-json\/wp\/v2\/pages\/1328\/revisions\/15605"}],"wp:attachment":[{"href":"https:\/\/www.tidwit.com\/es\/wp-json\/wp\/v2\/media?parent=1328"}],"curies":[{"name":"wp","href":"https:\/\/api.w.org\/{rel}","templated":true}]}}